{"id":5,"date":"2020-01-13T11:17:52","date_gmt":"2020-01-13T11:17:52","guid":{"rendered":"https:\/\/demosites.io\/web-agency-gb\/?page_id=5"},"modified":"2021-01-24T11:27:40","modified_gmt":"2021-01-24T10:27:40","slug":"15c42-web-agency-gb-home","status":"publish","type":"page","link":"https:\/\/crmnamiru.cz\/info\/","title":{"rendered":"Home"},"content":{"rendered":"\n<div class=\"wp-block-cover alignfull\" style=\"background-image:url(http:\/\/crmnamiru.cz\/info\/wp-content\/uploads\/2020\/07\/web-design-studio-01.jpg.jpg);min-height:700px;aspect-ratio:unset;\"><div class=\"wp-block-cover__inner-container is-layout-flow wp-block-cover-is-layout-flow\">\n<div style=\"height:80px\" aria-hidden=\"true\" class=\"wp-block-spacer\"><\/div>\n\n\n\n<h1 class=\"has-text-align-center has-text-color wp-block-heading\" style=\"color:#121212\">CRM na m\u00edru<\/h1>\n\n\n\n<p class=\"has-text-align-center has-text-color\" style=\"color:#121212;font-size:17px\">Jednoduch\u00fd, p\u0159ehledn\u00fd a praktick\u00fd syst\u00e9m pro evidenci va\u0161ich dat, \u0161it\u00fd p\u0159\u00edmo na m\u00edru Va\u0161im pot\u0159eb\u00e1m<\/p>\n\n\n\n<div class=\"wp-block-buttons aligncenter is-layout-flex wp-block-buttons-is-layout-flex\"><\/div>\n\n\n\n<div style=\"height:80px\" aria-hidden=\"true\" class=\"wp-block-spacer\"><\/div>\n\n\n\n<div style=\"height:80px\" aria-hidden=\"true\" class=\"wp-block-spacer\"><\/div>\n<\/div><\/div>\n\n\n\n<div style=\"height:80px\" aria-hidden=\"true\" class=\"wp-block-spacer\"><\/div>\n\n\n\n<div class=\"wp-block-columns is-layout-flex wp-container-core-columns-is-layout-9d6595d7 wp-block-columns-is-layout-flex\">\n<div class=\"wp-block-column is-layout-flow wp-block-column-is-layout-flow\">\n<div class=\"wp-block-image icon-style is-style-rounded\"><figure class=\"aligncenter size-large is-resized\"><img loading=\"lazy\" decoding=\"async\" src=\"https:\/\/s33834.pcdn.co\/wp-content\/uploads\/2020\/12\/check-solid-1.svg\" alt=\"\" width=\"64\" height=\"64\"\/><\/figure><\/div>\n\n\n\n<h3 class=\"has-text-align-center has-neve-text-color-color has-text-color wp-block-heading\">P\u0159ehledn\u00e9<\/h3>\n\n\n\n<p class=\"has-text-align-center\">Jednoduch\u00e9 ovl\u00e1d\u00e1n\u00ed, dob\u0159e srozumiteln\u00e9<\/p>\n\n\n\n<div style=\"height:20px\" aria-hidden=\"true\" class=\"wp-block-spacer\"><\/div>\n<\/div>\n\n\n\n<div class=\"wp-block-column is-layout-flow wp-block-column-is-layout-flow\">\n<div class=\"wp-block-image icon-style is-style-rounded\"><figure class=\"aligncenter size-large is-resized\"><img loading=\"lazy\" decoding=\"async\" src=\"https:\/\/s33834.pcdn.co\/wp-content\/uploads\/2020\/12\/gem.svg\" alt=\"\" width=\"64\" height=\"64\"\/><\/figure><\/div>\n\n\n\n<h3 class=\"has-text-align-center has-neve-text-color-color has-text-color wp-block-heading\">\u0160it\u00e9 na m\u00edru<\/h3>\n\n\n\n<p class=\"has-text-align-center\">P\u0159izp\u016fsoben\u00e9 Va\u0161im dat\u016fm, jejich struktu\u0159e a pot\u0159eb\u00e1m jejich uchov\u00e1v\u00e1n\u00ed i \u00faprav\u00e1m<\/p>\n\n\n\n<div style=\"height:20px\" aria-hidden=\"true\" class=\"wp-block-spacer\"><\/div>\n<\/div>\n\n\n\n<div class=\"wp-block-column is-layout-flow wp-block-column-is-layout-flow\">\n<div class=\"wp-block-image icon-style is-style-rounded\"><figure class=\"aligncenter size-large is-resized\"><img loading=\"lazy\" decoding=\"async\" src=\"https:\/\/s33834.pcdn.co\/wp-content\/uploads\/2020\/12\/bolt.svg\" alt=\"\" width=\"64\" height=\"64\"\/><\/figure><\/div>\n\n\n\n<h3 class=\"has-text-align-center has-neve-text-color-color has-text-color wp-block-heading\">Flexibiln\u00ed a rychl\u00e9<\/h3>\n\n\n\n<p class=\"has-text-align-center\">Flexibiln\u00ed realizace, neomezen\u00e9 mno\u017estv\u00ed u\u017eivatel\u016f, provoz zde \u010di na vlastn\u00ed dom\u00e9n\u011b<\/p>\n\n\n\n<div style=\"height:20px\" aria-hidden=\"true\" class=\"wp-block-spacer\"><\/div>\n<\/div>\n<\/div>\n\n\n\n<div style=\"height:80px\" aria-hidden=\"true\" class=\"wp-block-spacer\"><\/div>\n\n\n\n<div class=\"wp-block-cover alignfull has-nv-light-bg-background-color has-background-dim\" style=\"min-height:600px;aspect-ratio:unset;\"><div class=\"wp-block-cover__inner-container is-layout-flow wp-block-cover-is-layout-flow\">\n<div class=\"wp-block-group\"><div class=\"wp-block-group__inner-container is-layout-flow wp-block-group-is-layout-flow\">\n<div style=\"height:80px\" aria-hidden=\"true\" class=\"wp-block-spacer\"><\/div>\n\n\n\n<div class=\"wp-block-columns is-layout-flex wp-container-core-columns-is-layout-9d6595d7 wp-block-columns-is-layout-flex\">\n<div class=\"wp-block-column is-vertically-aligned-bottom is-layout-flow wp-block-column-is-layout-flow\" style=\"flex-basis:50%\">\n<figure class=\"wp-block-image size-large is-style-default\"><a href=\"http:\/\/crmnamiru.cz\/info\/wp-content\/uploads\/2021\/01\/crm_demo_vypis.jpg\" target=\"_blank\" rel=\"noopener\"><img loading=\"lazy\" decoding=\"async\" width=\"1024\" height=\"461\" src=\"http:\/\/crmnamiru.cz\/info\/wp-content\/uploads\/2021\/01\/crm_demo_vypis-1024x461.jpg\" alt=\"Uk\u00e1zka v\u00fdpisu dat\" class=\"wp-image-242\" srcset=\"https:\/\/crmnamiru.cz\/info\/wp-content\/uploads\/2021\/01\/crm_demo_vypis-1024x461.jpg 1024w, https:\/\/crmnamiru.cz\/info\/wp-content\/uploads\/2021\/01\/crm_demo_vypis-300x135.jpg 300w, https:\/\/crmnamiru.cz\/info\/wp-content\/uploads\/2021\/01\/crm_demo_vypis-768x346.jpg 768w, https:\/\/crmnamiru.cz\/info\/wp-content\/uploads\/2021\/01\/crm_demo_vypis-1536x691.jpg 1536w, https:\/\/crmnamiru.cz\/info\/wp-content\/uploads\/2021\/01\/crm_demo_vypis.jpg 1917w\" sizes=\"auto, (max-width: 1024px) 100vw, 1024px\" \/><\/a><\/figure>\n\n\n\n<p><\/p>\n<\/div>\n\n\n\n<div class=\"wp-block-column is-vertically-aligned-center is-layout-flow wp-block-column-is-layout-flow\" style=\"flex-basis:50%\">\n<h2 class=\"has-text-align-left has-neve-text-color-color has-text-color wp-block-heading\">Filtrov\u00e1n\u00ed a export datov\u00fdch sestav<\/h2>\n\n\n\n<p class=\"has-text-align-left has-neve-text-color-color has-text-color\" style=\"font-size:17px\">V\u00fdpis datov\u00fdch sestav dle Va\u0161ich pot\u0159eb, mo\u017enost libovoln\u00e9ho filtrov\u00e1n\u00ed a t\u00e9\u017e vlastn\u00ed \u00fapravu seznamu pol\u00ed ve v\u00fdpisu. T\u00e9\u017e mo\u017enost exportu jak\u00e9hokoli v\u00fdpisu dat do CSV form\u00e1tu (excel).<\/p>\n<\/div>\n<\/div>\n\n\n\n<div style=\"height:40px\" aria-hidden=\"true\" class=\"wp-block-spacer\"><\/div>\n<\/div><\/div>\n<\/div><\/div>\n\n\n\n<div class=\"wp-block-cover alignfull has-nv-site-bg-background-color has-background-dim\" style=\"min-height:600px;aspect-ratio:unset;\"><div class=\"wp-block-cover__inner-container is-layout-flow wp-block-cover-is-layout-flow\">\n<div class=\"wp-block-group\"><div class=\"wp-block-group__inner-container is-layout-flow wp-block-group-is-layout-flow\">\n<div style=\"height:80px\" aria-hidden=\"true\" class=\"wp-block-spacer\"><\/div>\n\n\n\n<div class=\"wp-block-columns is-layout-flex wp-container-core-columns-is-layout-9d6595d7 wp-block-columns-is-layout-flex\">\n<div class=\"wp-block-column is-layout-flow wp-block-column-is-layout-flow\" style=\"flex-basis:100%\">\n<div class=\"wp-block-columns are-vertically-aligned-center is-layout-flex wp-container-core-columns-is-layout-9d6595d7 wp-block-columns-is-layout-flex\">\n<div class=\"wp-block-column is-vertically-aligned-center is-layout-flow wp-block-column-is-layout-flow\" style=\"flex-basis:50%\">\n<h2 class=\"has-text-align-left has-neve-text-color-color has-text-color wp-block-heading\">Detail z\u00e1znamu se v\u0161emi souvislostmi<\/h2>\n\n\n\n<p class=\"has-text-align-left has-neve-text-color-color has-text-color\" style=\"font-size:17px\">U ka\u017ed\u00e9ho z\u00e1znamu zobrazen\u00ed v\u0161ech souvisej\u00edc\u00edch dat, jednoduch\u00e1 editace, informace o posledn\u00ed zm\u011bn\u011b (kdo a kdy), mo\u017enost nastaven\u00ed r\u016fzn\u00fdch pr\u00e1v editace pro rozd\u00edln\u00e9 \u00farovn\u011b u\u017eivatel\u016f.<\/p>\n\n\n\n<div class=\"wp-block-buttons alignleft is-layout-flex wp-block-buttons-is-layout-flex\"><\/div>\n\n\n\n<div style=\"height:40px\" aria-hidden=\"true\" class=\"wp-block-spacer\"><\/div>\n<\/div>\n\n\n\n<div class=\"wp-block-column is-vertically-aligned-center is-layout-flow wp-block-column-is-layout-flow\" style=\"flex-basis:50%\">\n<div class=\"wp-block-image\"><figure class=\"aligncenter size-large\"><a href=\"http:\/\/crmnamiru.cz\/info\/wp-content\/uploads\/2021\/01\/crm_demo_detail.jpg\" target=\"_blank\" rel=\"noopener\"><img loading=\"lazy\" decoding=\"async\" width=\"1024\" height=\"442\" src=\"http:\/\/crmnamiru.cz\/info\/wp-content\/uploads\/2021\/01\/crm_demo_detail-1024x442.jpg\" alt=\"\" class=\"wp-image-243\" srcset=\"https:\/\/crmnamiru.cz\/info\/wp-content\/uploads\/2021\/01\/crm_demo_detail-1024x442.jpg 1024w, https:\/\/crmnamiru.cz\/info\/wp-content\/uploads\/2021\/01\/crm_demo_detail-300x130.jpg 300w, https:\/\/crmnamiru.cz\/info\/wp-content\/uploads\/2021\/01\/crm_demo_detail-768x332.jpg 768w, https:\/\/crmnamiru.cz\/info\/wp-content\/uploads\/2021\/01\/crm_demo_detail-1536x663.jpg 1536w, https:\/\/crmnamiru.cz\/info\/wp-content\/uploads\/2021\/01\/crm_demo_detail.jpg 1897w\" sizes=\"auto, (max-width: 1024px) 100vw, 1024px\" \/><\/a><\/figure><\/div>\n<\/div>\n<\/div>\n<\/div>\n<\/div>\n\n\n\n<div style=\"height:40px\" aria-hidden=\"true\" class=\"wp-block-spacer\"><\/div>\n<\/div><\/div>\n<\/div><\/div>\n\n\n\n<div class=\"wp-block-cover alignfull has-nv-dark-bg-background-color has-background-dim\" style=\"min-height:600px;aspect-ratio:unset;\"><div class=\"wp-block-cover__inner-container is-layout-flow wp-block-cover-is-layout-flow\">\n<div class=\"wp-block-group\"><div class=\"wp-block-group__inner-container is-layout-flow wp-block-group-is-layout-flow\">\n<div style=\"height:80px\" aria-hidden=\"true\" class=\"wp-block-spacer\"><\/div>\n\n\n\n<div class=\"wp-block-columns are-vertically-aligned-center is-layout-flex wp-container-core-columns-is-layout-9d6595d7 wp-block-columns-is-layout-flex\">\n<div class=\"wp-block-column is-vertically-aligned-center is-layout-flow wp-block-column-is-layout-flow\" style=\"flex-basis:50%\">\n<figure class=\"wp-block-image size-large\"><a href=\"http:\/\/crmnamiru.cz\/info\/wp-content\/uploads\/2021\/01\/crm_demo_email.jpg\" target=\"_blank\" rel=\"noopener\"><img loading=\"lazy\" decoding=\"async\" width=\"1024\" height=\"467\" src=\"http:\/\/crmnamiru.cz\/info\/wp-content\/uploads\/2021\/01\/crm_demo_email-1024x467.jpg\" alt=\"\" class=\"wp-image-246\" srcset=\"https:\/\/crmnamiru.cz\/info\/wp-content\/uploads\/2021\/01\/crm_demo_email-1024x467.jpg 1024w, https:\/\/crmnamiru.cz\/info\/wp-content\/uploads\/2021\/01\/crm_demo_email-300x137.jpg 300w, https:\/\/crmnamiru.cz\/info\/wp-content\/uploads\/2021\/01\/crm_demo_email-768x350.jpg 768w, https:\/\/crmnamiru.cz\/info\/wp-content\/uploads\/2021\/01\/crm_demo_email-1536x700.jpg 1536w, https:\/\/crmnamiru.cz\/info\/wp-content\/uploads\/2021\/01\/crm_demo_email.jpg 1893w\" sizes=\"auto, (max-width: 1024px) 100vw, 1024px\" \/><\/a><\/figure>\n<\/div>\n\n\n\n<div class=\"wp-block-column is-vertically-aligned-center is-layout-flow wp-block-column-is-layout-flow\" style=\"flex-basis:50%\">\n<div style=\"height:40px\" aria-hidden=\"true\" class=\"wp-block-spacer\"><\/div>\n\n\n\n<h2 class=\"has-text-align-left has-nv-text-dark-bg-color has-text-color wp-block-heading\">Odes\u00edl\u00e1n\u00ed email\u016f<\/h2>\n\n\n\n<p class=\"has-text-align-left has-nv-text-dark-bg-color has-text-color\" style=\"font-size:17px\">Mo\u017enost odes\u00edl\u00e1n\u00ed email\u016f p\u0159\u00edmo ze syst\u00e9mu a jejich vazba na p\u0159\u00edslu\u0161n\u00e9 z\u00e1znamy. Jasn\u011b a p\u0159ehledn\u011b uvid\u00edte kdo na koho co odeslal. Zas\u00edl\u00e1n\u00ed mo\u017eno upravit do vhodn\u00e9 emailov\u00e9 \u0161ablony. Automatick\u00e9 \u010di ru\u010dn\u00ed dopln\u011bn\u00ed p\u0159\u00edloh k emailu.<\/p>\n\n\n\n<div class=\"wp-block-buttons alignleft is-layout-flex wp-block-buttons-is-layout-flex\"><\/div>\n<\/div>\n<\/div>\n\n\n\n<div style=\"height:40px\" aria-hidden=\"true\" class=\"wp-block-spacer\"><\/div>\n<\/div><\/div>\n<\/div><\/div>\n\n\n\n<div style=\"height:40px\" aria-hidden=\"true\" class=\"wp-block-spacer\"><\/div>\n\n\n\n<div class=\"wp-block-cover alignfull has-nv-site-bg-background-color has-background-dim\" style=\"min-height:600px;aspect-ratio:unset;\"><div class=\"wp-block-cover__inner-container is-layout-flow wp-block-cover-is-layout-flow\">\n<div class=\"wp-block-group\"><div class=\"wp-block-group__inner-container is-layout-flow wp-block-group-is-layout-flow\">\n<div style=\"height:80px\" aria-hidden=\"true\" class=\"wp-block-spacer\"><\/div>\n\n\n\n<h2 class=\"has-neve-text-color-color has-text-color wp-block-heading\">Dal\u0161\u00ed uk\u00e1zky<\/h2>\n\n\n\n<div style=\"height:20px\" aria-hidden=\"true\" class=\"wp-block-spacer\"><\/div>\n\n\n\n<div class=\"wp-block-columns are-vertically-aligned-center is-layout-flex wp-container-core-columns-is-layout-9d6595d7 wp-block-columns-is-layout-flex\">\n<div class=\"wp-block-column is-vertically-aligned-center is-layout-flow wp-block-column-is-layout-flow\" style=\"flex-basis:50%\">\n<figure class=\"wp-block-image size-large\"><a href=\"http:\/\/crmnamiru.cz\/info\/wp-content\/uploads\/2021\/01\/crm_demo_ukazka1.jpg\" target=\"_blank\" rel=\"noopener\"><img loading=\"lazy\" decoding=\"async\" width=\"1024\" height=\"467\" src=\"http:\/\/crmnamiru.cz\/info\/wp-content\/uploads\/2021\/01\/crm_demo_ukazka1-1024x467.jpg\" alt=\"\" class=\"wp-image-273\" srcset=\"https:\/\/crmnamiru.cz\/info\/wp-content\/uploads\/2021\/01\/crm_demo_ukazka1-1024x467.jpg 1024w, https:\/\/crmnamiru.cz\/info\/wp-content\/uploads\/2021\/01\/crm_demo_ukazka1-300x137.jpg 300w, https:\/\/crmnamiru.cz\/info\/wp-content\/uploads\/2021\/01\/crm_demo_ukazka1-768x350.jpg 768w, https:\/\/crmnamiru.cz\/info\/wp-content\/uploads\/2021\/01\/crm_demo_ukazka1-1536x701.jpg 1536w, https:\/\/crmnamiru.cz\/info\/wp-content\/uploads\/2021\/01\/crm_demo_ukazka1.jpg 1891w\" sizes=\"auto, (max-width: 1024px) 100vw, 1024px\" \/><\/a><\/figure>\n\n\n\n<div style=\"height:40px\" aria-hidden=\"true\" class=\"wp-block-spacer\"><\/div>\n<\/div>\n\n\n\n<div class=\"wp-block-column is-vertically-aligned-center is-layout-flow wp-block-column-is-layout-flow\" style=\"flex-basis:50%\">\n<figure class=\"wp-block-image size-large\"><a href=\"http:\/\/crmnamiru.cz\/info\/wp-content\/uploads\/2021\/01\/crm_demo_ukazka2.jpg\" target=\"_blank\" rel=\"noopener\"><img loading=\"lazy\" decoding=\"async\" width=\"1024\" height=\"459\" src=\"http:\/\/crmnamiru.cz\/info\/wp-content\/uploads\/2021\/01\/crm_demo_ukazka2-1024x459.jpg\" alt=\"\" class=\"wp-image-274\" srcset=\"https:\/\/crmnamiru.cz\/info\/wp-content\/uploads\/2021\/01\/crm_demo_ukazka2-1024x459.jpg 1024w, https:\/\/crmnamiru.cz\/info\/wp-content\/uploads\/2021\/01\/crm_demo_ukazka2-300x135.jpg 300w, https:\/\/crmnamiru.cz\/info\/wp-content\/uploads\/2021\/01\/crm_demo_ukazka2-768x345.jpg 768w, https:\/\/crmnamiru.cz\/info\/wp-content\/uploads\/2021\/01\/crm_demo_ukazka2-1536x689.jpg 1536w, https:\/\/crmnamiru.cz\/info\/wp-content\/uploads\/2021\/01\/crm_demo_ukazka2.jpg 1919w\" sizes=\"auto, (max-width: 1024px) 100vw, 1024px\" \/><\/a><\/figure>\n\n\n\n<div style=\"height:40px\" aria-hidden=\"true\" class=\"wp-block-spacer\"><\/div>\n<\/div>\n<\/div>\n\n\n\n<div style=\"height:40px\" aria-hidden=\"true\" class=\"wp-block-spacer\"><\/div>\n<\/div><\/div>\n<\/div><\/div>\n\n\n\n<div class=\"wp-block-cover alignfull has-nv-light-bg-background-color has-background-dim\" style=\"min-height:420px;aspect-ratio:unset;\"><div class=\"wp-block-cover__inner-container is-layout-flow wp-block-cover-is-layout-flow\">\n<div style=\"height:62px\" aria-hidden=\"true\" class=\"wp-block-spacer\"><\/div>\n\n\n\n<h2 class=\"has-text-align-center has-neve-link-color-color has-text-color wp-block-heading\">Reference<\/h2>\n\n\n\n<div style=\"height:69px\" aria-hidden=\"true\" class=\"wp-block-spacer\"><\/div>\n\n\n\n<div class=\"wp-block-columns is-layout-flex wp-container-core-columns-is-layout-9d6595d7 wp-block-columns-is-layout-flex\">\n<div class=\"wp-block-column ticss-4ce656f1 is-layout-flow wp-block-column-is-layout-flow\">\n<figure class=\"wp-block-image size-large is-resized is-style-default\"><a href=\"https:\/\/www.controlling.cz\/\" target=\"_blank\" rel=\"noopener\"><img loading=\"lazy\" decoding=\"async\" src=\"http:\/\/crmnamiru.cz\/info\/wp-content\/uploads\/2021\/01\/ci_logo_2020.jpg\" alt=\"\" class=\"wp-image-263\" width=\"225\" height=\"52\"\/><\/a><\/figure>\n\n\n\n<p class=\"has-text-align-left has-neve-text-color-color has-text-color has-normal-font-size\">Controller Institut s.r.o.<\/p>\n\n\n\n<div style=\"height:20px\" aria-hidden=\"true\" class=\"wp-block-spacer\"><\/div>\n<\/div>\n\n\n\n<div class=\"wp-block-column ticss-f6fc7494 is-layout-flow wp-block-column-is-layout-flow\">\n<figure class=\"wp-block-image size-large is-resized is-style-default\"><a href=\"https:\/\/www.topvision.cz\/\" target=\"_blank\" rel=\"noopener\"><img loading=\"lazy\" decoding=\"async\" src=\"http:\/\/crmnamiru.cz\/info\/wp-content\/uploads\/2021\/01\/topvision_logo.png\" alt=\"\" class=\"wp-image-264\" width=\"197\" height=\"42\"\/><\/a><\/figure>\n\n\n\n<p class=\"has-text-align-left has-neve-text-color-color has-text-color has-normal-font-size\">Top Vision s.r.o.<\/p>\n\n\n\n<div style=\"height:20px\" aria-hidden=\"true\" class=\"wp-block-spacer\"><\/div>\n<\/div>\n\n\n\n<div class=\"wp-block-column ticss-a5b4df29 is-layout-flow wp-block-column-is-layout-flow\">\n<figure class=\"wp-block-image size-large is-resized is-style-default\"><a href=\"https:\/\/www.h1.cz\/\" target=\"_blank\" rel=\"noopener\"><img loading=\"lazy\" decoding=\"async\" src=\"http:\/\/crmnamiru.cz\/info\/wp-content\/uploads\/2021\/01\/h1_logo.png\" alt=\"\" class=\"wp-image-265\" width=\"156\" height=\"81\" srcset=\"https:\/\/crmnamiru.cz\/info\/wp-content\/uploads\/2021\/01\/h1_logo.png 311w, https:\/\/crmnamiru.cz\/info\/wp-content\/uploads\/2021\/01\/h1_logo-300x156.png 300w\" sizes=\"auto, (max-width: 156px) 100vw, 156px\" \/><\/a><\/figure>\n\n\n\n<p class=\"has-text-align-left has-neve-text-color-color has-text-color has-normal-font-size\">H1.cz s.r.o.<\/p>\n\n\n\n<p class=\"has-neve-text-color-color has-text-color\"><\/p>\n\n\n\n<div style=\"height:20px\" aria-hidden=\"true\" class=\"wp-block-spacer\"><\/div>\n<\/div>\n<\/div>\n\n\n\n<div style=\"height:30px\" aria-hidden=\"true\" class=\"wp-block-spacer\"><\/div>\n<\/div><\/div>\n\n\n\n<div class=\"wp-block-cover alignfull has-nv-dark-bg-background-color has-background-dim\" style=\"min-height:300px;aspect-ratio:unset;\"><div class=\"wp-block-cover__inner-container is-layout-flow wp-block-cover-is-layout-flow\">\n<div style=\"height:140px\" aria-hidden=\"true\" class=\"wp-block-spacer\"><\/div>\n\n\n\n<h2 class=\"has-text-align-center has-nv-text-dark-bg-color has-text-color wp-block-heading\">Demo verze zdarma na vyzkou\u0161en\u00ed<\/h2>\n\n\n\n<p class=\"has-text-align-center has-medium-font-size\">Pro jasnou p\u0159edstavu nen\u00ed probl\u00e9m vytvo\u0159it p\u0159\u00edstup do demo verze a v n\u00ed se v\u0161e jednodu\u0161e a n\u00e1zorn\u011b vyzkou\u0161et.<\/p>\n\n\n\n<div class=\"wp-block-buttons aligncenter is-layout-flex wp-block-buttons-is-layout-flex\">\n<div class=\"wp-block-button is-style-primary\"><a class=\"wp-block-button__link\" href=\"https:\/\/crmnamiru.cz\/demo\" target=\"_blank\" rel=\"noreferrer noopener\">P\u0159ihl\u00e1sit se do demo verze<\/a><\/div>\n<\/div>\n\n\n\n<div style=\"height:64px\" aria-hidden=\"true\" class=\"wp-block-spacer\"><\/div>\n\n\n\n<div class=\"wp-block-buttons aligncenter is-layout-flex wp-block-buttons-is-layout-flex\">\n<div class=\"wp-block-button is-style-primary\"><a class=\"wp-block-button__link\" href=\"\/info\/kontakt\">KONTAKT<\/a><\/div>\n<\/div>\n\n\n\n<div style=\"height:140px\" aria-hidden=\"true\" class=\"wp-block-spacer\"><\/div>\n<\/div><\/div>\n","protected":false},"excerpt":{"rendered":"<p>P\u0159ehledn\u00e9 Jednoduch\u00e9 ovl\u00e1d\u00e1n\u00ed, dob\u0159e srozumiteln\u00e9 \u0160it\u00e9 na m\u00edru P\u0159izp\u016fsoben\u00e9 Va\u0161im dat\u016fm, jejich struktu\u0159e a pot\u0159eb\u00e1m jejich uchov\u00e1v\u00e1n\u00ed i \u00faprav\u00e1m Flexibiln\u00ed a rychl\u00e9 Flexibiln\u00ed realizace, neomezen\u00e9 mno\u017estv\u00ed u\u017eivatel\u016f, provoz zde \u010di na vlastn\u00ed dom\u00e9n\u011b<\/p>\n","protected":false},"author":1,"featured_media":0,"parent":0,"menu_order":0,"comment_status":"closed","ping_status":"closed","template":"","meta":{"neve_meta_sidebar":"default","neve_meta_container":"default","neve_meta_enable_content_width":"on","neve_meta_content_width":100,"neve_meta_title_alignment":"","neve_meta_author_avatar":"","neve_post_elements_order":"","neve_meta_disable_header":"","neve_meta_disable_footer":"","neve_meta_disable_title":"on","_ti_tpc_template_sync":false,"_ti_tpc_template_id":"cwhkd9lki581rusuhjti","footnotes":""},"class_list":["post-5","page","type-page","status-publish","hentry"],"_links":{"self":[{"href":"https:\/\/crmnamiru.cz\/info\/wp-json\/wp\/v2\/pages\/5","targetHints":{"allow":["GET"]}}],"collection":[{"href":"https:\/\/crmnamiru.cz\/info\/wp-json\/wp\/v2\/pages"}],"about":[{"href":"https:\/\/crmnamiru.cz\/info\/wp-json\/wp\/v2\/types\/page"}],"author":[{"embeddable":true,"href":"https:\/\/crmnamiru.cz\/info\/wp-json\/wp\/v2\/users\/1"}],"replies":[{"embeddable":true,"href":"https:\/\/crmnamiru.cz\/info\/wp-json\/wp\/v2\/comments?post=5"}],"version-history":[{"count":25,"href":"https:\/\/crmnamiru.cz\/info\/wp-json\/wp\/v2\/pages\/5\/revisions"}],"predecessor-version":[{"id":292,"href":"https:\/\/crmnamiru.cz\/info\/wp-json\/wp\/v2\/pages\/5\/revisions\/292"}],"wp:attachment":[{"href":"https:\/\/crmnamiru.cz\/info\/wp-json\/wp\/v2\/media?parent=5"}],"curies":[{"name":"wp","href":"https:\/\/api.w.org\/{rel}","templated":true}]}}